{"id":2789,"date":"2023-05-25T14:28:04","date_gmt":"2023-05-25T12:28:04","guid":{"rendered":"https:\/\/kanzlei-kp.at\/about-us\/"},"modified":"2026-03-25T19:55:49","modified_gmt":"2026-03-25T18:55:49","slug":"about-us","status":"publish","type":"page","link":"https:\/\/kanzlei-kp.at\/en\/","title":{"rendered":"Start"},"content":{"rendered":"<p>[et_pb_section fb_built=&#8221;1&#8243; admin_label=&#8221;KBL HEADER Sektion&#8221; _builder_version=&#8221;4.27.4&#8243; background_color=&#8221;gcid-d3a5f569-694b-461b-a312-17c38eb636be&#8221; custom_margin=&#8221;||||false|false&#8221; custom_padding=&#8221;||||false|false&#8221; locked=&#8221;off&#8221; global_colors_info=&#8221;{%22gcid-d3a5f569-694b-461b-a312-17c38eb636be%22:%91%22background_color%22%93}&#8221;][et_pb_row module_class=&#8221;bigrow headerheight&#8221; _builder_version=&#8221;4.27.4&#8243; _module_preset=&#8221;default&#8221; background_enable_color=&#8221;off&#8221; background_image=&#8221;https:\/\/kanzlei-kp.at\/wp-content\/uploads\/2024\/07\/kp-header-start.jpg&#8221; background_blend=&#8221;multiply&#8221; background_enable_pattern_style=&#8221;on&#8221; background_pattern_style=&#8221;diagonal-stripes-2&#8243; background_pattern_color=&#8221;rgba(255,255,255,0.15)&#8221; background_pattern_size=&#8221;custom&#8221; background_pattern_width=&#8221;5px&#8221; background_pattern_height=&#8221;5px&#8221; positioning=&#8221;none&#8221; position_origin_a=&#8221;center_center&#8221; width=&#8221;90%&#8221; min_height=&#8221;88vh&#8221; global_colors_info=&#8221;{%22gcid-d3a5f569-694b-461b-a312-17c38eb636be%22:%91%22background_mask_color%22,%22background_color_gradient_stops%22%93,%22gcid-11f8203d-7943-4306-9653-5807ab6d6dc5%22:%91%22background_color_gradient_stops%22%93}&#8221;][et_pb_column type=&#8221;4_4&#8243; _builder_version=&#8221;4.21.0&#8243; _module_preset=&#8221;default&#8221; global_colors_info=&#8221;{}&#8221;][et_pb_slider show_arrows=&#8221;off&#8221; show_pagination=&#8221;off&#8221; _builder_version=&#8221;4.27.4&#8243; _module_preset=&#8221;default&#8221; header_level=&#8221;h6&#8243; header_font=&#8221;||||||||&#8221; positioning=&#8221;none&#8221; position_origin_a=&#8221;center_center&#8221; width=&#8221;100%&#8221; min_height=&#8221;88vh&#8221; auto=&#8221;on&#8221; auto_speed=&#8221;7500&#8243; auto_ignore_hover=&#8221;on&#8221; global_colors_info=&#8221;{}&#8221;][et_pb_slide heading=&#8221;At his best, man is the noblest of all animals; separated from law and justice he is the worst. &#8221; _builder_version=&#8221;4.24.3&#8243; _module_preset=&#8221;default&#8221; background_enable_color=&#8221;off&#8221; global_colors_info=&#8221;{}&#8221; sticky_transition=&#8221;on&#8221;]<\/p>\n<h5>Aristotle<\/h5>\n<p>[\/et_pb_slide][et_pb_slide heading=&#8221;The law was made for one thing alone, for the exploitation of those who don&apos;t understand it, or are prevented by naked misery from obeying it. &#8221; _builder_version=&#8221;4.24.3&#8243; _module_preset=&#8221;default&#8221; background_enable_color=&#8221;off&#8221; global_colors_info=&#8221;{}&#8221; sticky_transition=&#8221;on&#8221;]<\/p>\n<h5>Bertolt Brecht<\/h5>\n<p>[\/et_pb_slide][et_pb_slide heading=&#8221;It is difficult to make our material condition better by the best law, but it is easy enough to ruin it by bad laws.&#8221; _builder_version=&#8221;4.21.0&#8243; _module_preset=&#8221;default&#8221; background_enable_color=&#8221;off&#8221; global_colors_info=&#8221;{}&#8221; sticky_transition=&#8221;on&#8221;]<\/p>\n<h5>Theodore Roosevelt<\/h5>\n<p>[\/et_pb_slide][et_pb_slide heading=&#8221;Don&apos;t raise your voice. Improve your argument.&#8221; _builder_version=&#8221;4.21.0&#8243; _module_preset=&#8221;default&#8221; background_enable_color=&#8221;off&#8221; global_colors_info=&#8221;{}&#8221; sticky_transition=&#8221;on&#8221;]<\/p>\n<h5>Desmond Tutu<\/h5>\n<p>[\/et_pb_slide][\/et_pb_slider][\/et_pb_column][\/et_pb_row][\/et_pb_section][et_pb_section fb_built=&#8221;1&#8243; disabled_on=&#8221;on|on|on&#8221; admin_label=&#8221;Sektion &#8211; invisible!&#8221; _builder_version=&#8221;4.23&#8243; background_color=&#8221;gcid-d3a5f569-694b-461b-a312-17c38eb636be&#8221; custom_margin=&#8221;||||false|false&#8221; custom_padding=&#8221;50px||100px||false|false&#8221; disabled=&#8221;on&#8221; locked=&#8221;off&#8221; global_colors_info=&#8221;{%22gcid-d3a5f569-694b-461b-a312-17c38eb636be%22:%91%22background_color%22%93}&#8221;][et_pb_row column_structure=&#8221;1_3,1_3,1_3&#8243; use_custom_gutter=&#8221;on&#8221; make_equal=&#8221;on&#8221; disabled_on=&#8221;off|off|off&#8221; _builder_version=&#8221;4.23&#8243; _module_preset=&#8221;default&#8221; background_enable_color=&#8221;off&#8221; width=&#8221;86%&#8221; max_width=&#8221;3500px&#8221; module_alignment=&#8221;center&#8221; custom_margin=&#8221;||||false|false&#8221; custom_padding=&#8221;||100px||false|false&#8221; global_colors_info=&#8221;{%22gcid-11f8203d-7943-4306-9653-5807ab6d6dc5%22:%91%22background_color%22%93}&#8221;][et_pb_column type=&#8221;1_3&#8243; module_class=&#8221;introcolumn&#8221; _builder_version=&#8221;4.23&#8243; _module_preset=&#8221;default&#8221; background_color=&#8221;gcid-11f8203d-7943-4306-9653-5807ab6d6dc5&#8243; global_colors_info=&#8221;{%22gcid-11f8203d-7943-4306-9653-5807ab6d6dc5%22:%91%22background_color%22%93}&#8221;][et_pb_image src=&#8221;https:\/\/kanzlei-kp.at\/wp-content\/uploads\/2023\/10\/KAIBLINGER-Intro-1.jpg&#8221; title_text=&#8221;KAIBLINGER-Intro-1&#8243; _builder_version=&#8221;4.23&#8243; _module_preset=&#8221;default&#8221; custom_margin=&#8221;||20px||false|false&#8221; border_radii=&#8221;off|25%||25%|&#8221; global_colors_info=&#8221;{}&#8221;][\/et_pb_image][et_pb_text _builder_version=&#8221;4.23&#8243; _module_preset=&#8221;default&#8221; text_orientation_tablet=&#8221;center&#8221; text_orientation_phone=&#8221;center&#8221; text_orientation_last_edited=&#8221;on|desktop&#8221; border_color_bottom=&#8221;gcid-7b9e6fa6-822e-441f-9828-3f8458f0e21d&#8221; global_colors_info=&#8221;{%22gcid-7b9e6fa6-822e-441f-9828-3f8458f0e21d%22:%91%22border_color_bottom%22%93}&#8221;]<\/p>\n<h4>Unsere Erfahrung<\/h4>\n<p>und unser Fachwissen aus mehr als 30j\u00e4hriger Praxis stehen f\u00fcr kompetenten Rechtsbeistand in allen rechtlichen Belangen.<\/p>\n<p>[\/et_pb_text][et_pb_button button_url=&#8221;@ET-DC@eyJkeW5hbWljIjp0cnVlLCJjb250ZW50IjoicG9zdF9saW5rX3VybF9wYWdlIiwic2V0dGluZ3MiOnsicG9zdF9pZCI6Ijc4In19@&#8221; button_text=&#8221;The Team&#8221; _builder_version=&#8221;4.23&#8243; _dynamic_attributes=&#8221;button_url&#8221; _module_preset=&#8221;default&#8221; custom_button=&#8221;on&#8221; button_text_size=&#8221;16px&#8221; button_text_color=&#8221;gcid-7b9e6fa6-822e-441f-9828-3f8458f0e21d&#8221; button_border_width=&#8221;0px&#8221; button_border_radius=&#8221;0px&#8221; button_font=&#8221;nst-bold||||||||&#8221; button_icon=&#8221;&#x24;||divi||400&#8243; button_icon_placement=&#8221;left&#8221; button_on_hover=&#8221;off&#8221; global_colors_info=&#8221;{%22gcid-7b9e6fa6-822e-441f-9828-3f8458f0e21d%22:%91%22button_text_color%22%93}&#8221;][\/et_pb_button][\/et_pb_column][et_pb_column type=&#8221;1_3&#8243; module_class=&#8221;introcolumn&#8221; _builder_version=&#8221;4.23&#8243; _module_preset=&#8221;default&#8221; background_color=&#8221;gcid-11f8203d-7943-4306-9653-5807ab6d6dc5&#8243; global_colors_info=&#8221;{%22gcid-11f8203d-7943-4306-9653-5807ab6d6dc5%22:%91%22background_color%22,%22background_color%22%93}&#8221;][et_pb_image src=&#8221;https:\/\/kanzlei-kp.at\/wp-content\/uploads\/2023\/12\/KAIBLINGER-Intro-5.jpg&#8221; title_text=&#8221;KAIBLINGER-Intro-5&#8243; _builder_version=&#8221;4.23.1&#8243; _module_preset=&#8221;default&#8221; custom_margin=&#8221;||20px||false|false&#8221; border_radii=&#8221;off|25%||25%|&#8221; global_colors_info=&#8221;{}&#8221;][\/et_pb_image][et_pb_text _builder_version=&#8221;4.23&#8243; _module_preset=&#8221;default&#8221; text_orientation_tablet=&#8221;center&#8221; text_orientation_phone=&#8221;center&#8221; text_orientation_last_edited=&#8221;on|desktop&#8221; border_color_bottom=&#8221;gcid-7b9e6fa6-822e-441f-9828-3f8458f0e21d&#8221; global_colors_info=&#8221;{%22gcid-7b9e6fa6-822e-441f-9828-3f8458f0e21d%22:%91%22border_color_bottom%22,%22border_color_bottom%22,%22border_color_bottom%22%93}&#8221;]<\/p>\n<h4>Wir erkennen die richtige Stelle<\/h4>\n<p>und nach genauer Analyse Ihres Anliegens ordnen wir dieses der Gesetzgebung unter Heranziehung der neusten Rechtsprechung zu.<\/p>\n<p>[\/et_pb_text][et_pb_button button_url=&#8221;@ET-DC@eyJkeW5hbWljIjp0cnVlLCJjb250ZW50IjoicG9zdF9saW5rX3VybF9wYWdlIiwic2V0dGluZ3MiOnsicG9zdF9pZCI6Ijc0In19@&#8221; button_text=&#8221;Unsere T\u00e4tigkeitsbereiche&#8221; _builder_version=&#8221;4.23&#8243; _dynamic_attributes=&#8221;button_url&#8221; _module_preset=&#8221;default&#8221; custom_button=&#8221;on&#8221; button_text_size=&#8221;16px&#8221; button_text_color=&#8221;gcid-7b9e6fa6-822e-441f-9828-3f8458f0e21d&#8221; button_border_width=&#8221;0px&#8221; button_border_radius=&#8221;0px&#8221; button_font=&#8221;nst-bold||||||||&#8221; button_icon=&#8221;&#x24;||divi||400&#8243; button_icon_placement=&#8221;left&#8221; button_on_hover=&#8221;off&#8221; global_colors_info=&#8221;{%22gcid-7b9e6fa6-822e-441f-9828-3f8458f0e21d%22:%91%22button_text_color%22%93}&#8221;][\/et_pb_button][\/et_pb_column][et_pb_column type=&#8221;1_3&#8243; module_class=&#8221;introcolumn&#8221; _builder_version=&#8221;4.23&#8243; _module_preset=&#8221;default&#8221; background_color=&#8221;gcid-11f8203d-7943-4306-9653-5807ab6d6dc5&#8243; global_colors_info=&#8221;{%22gcid-11f8203d-7943-4306-9653-5807ab6d6dc5%22:%91%22background_color%22,%22background_color%22%93}&#8221;][et_pb_image src=&#8221;https:\/\/kanzlei-kp.at\/wp-content\/uploads\/2023\/12\/KAIBLINGER-Intro-4.jpg&#8221; title_text=&#8221;KAIBLINGER-Intro-4&#8243; _builder_version=&#8221;4.23.1&#8243; _module_preset=&#8221;default&#8221; custom_margin=&#8221;||20px||false|false&#8221; border_radii=&#8221;off|25%||25%|&#8221; global_colors_info=&#8221;{}&#8221;][\/et_pb_image][et_pb_text _builder_version=&#8221;4.23&#8243; _module_preset=&#8221;default&#8221; text_orientation_tablet=&#8221;center&#8221; text_orientation_phone=&#8221;center&#8221; text_orientation_last_edited=&#8221;on|desktop&#8221; border_color_bottom=&#8221;gcid-7b9e6fa6-822e-441f-9828-3f8458f0e21d&#8221; global_colors_info=&#8221;{%22gcid-7b9e6fa6-822e-441f-9828-3f8458f0e21d%22:%91%22border_color_bottom%22,%22border_color_bottom%22,%22border_color_bottom%22%93}&#8221;]<\/p>\n<h4>&#8230; und haben die passende L\u00f6sung<\/h4>\n<p>f\u00fcr Ihren Fall. Selbst in schwierigeren Situationen sind wir in der Lage, f\u00fcr Sie erfolgreiche L\u00f6sungen zu erarbeiten. <\/p>\n<p>[\/et_pb_text][et_pb_button button_url=&#8221;@ET-DC@eyJkeW5hbWljIjp0cnVlLCJjb250ZW50IjoicG9zdF9saW5rX3VybF9wYWdlIiwic2V0dGluZ3MiOnsicG9zdF9pZCI6Ijg2In19@&#8221; button_text=&#8221;Get in contact&#8221; _builder_version=&#8221;4.23&#8243; _dynamic_attributes=&#8221;button_url&#8221; _module_preset=&#8221;default&#8221; custom_button=&#8221;on&#8221; button_text_size=&#8221;16px&#8221; button_text_color=&#8221;gcid-7b9e6fa6-822e-441f-9828-3f8458f0e21d&#8221; button_border_width=&#8221;0px&#8221; button_border_radius=&#8221;0px&#8221; button_font=&#8221;nst-bold||||||||&#8221; button_icon=&#8221;&#x24;||divi||400&#8243; button_icon_placement=&#8221;left&#8221; button_on_hover=&#8221;off&#8221; global_colors_info=&#8221;{%22gcid-7b9e6fa6-822e-441f-9828-3f8458f0e21d%22:%91%22button_text_color%22%93}&#8221;][\/et_pb_button][\/et_pb_column][\/et_pb_row][et_pb_row use_custom_gutter=&#8221;on&#8221; gutter_width=&#8221;1&#8243; make_equal=&#8221;on&#8221; module_class=&#8221;bigrow&#8221; _builder_version=&#8221;4.23&#8243; background_enable_color=&#8221;off&#8221; background_enable_image=&#8221;off&#8221; custom_margin=&#8221;||||false|false&#8221; custom_padding=&#8221;30px||||false|false&#8221; global_colors_info=&#8221;{%22gcid-d3a5f569-694b-461b-a312-17c38eb636be%22:%91%22background_mask_color%22,%22background_color_gradient_stops%22%93,%22gcid-11f8203d-7943-4306-9653-5807ab6d6dc5%22:%91%22background_color_gradient_stops%22,%22background_color%22%93}&#8221;][et_pb_column type=&#8221;4_4&#8243; module_class=&#8221;normalcolumn&#8221; _builder_version=&#8221;4.23&#8243; custom_padding=&#8221;|||&#8221; global_colors_info=&#8221;{%22gcid-e4e64497-4186-4092-b3b6-b41b916e77b0%22:%91%22background_color%22,%22background_color%22,%22background_color%22,%22background_color%22,%22background_color%22,%22background_color%22,%22background_color%22,%22background_color%22%93}&#8221; custom_padding__hover=&#8221;|||&#8221;][et_pb_text admin_label=&#8221;Headline&#8221; _builder_version=&#8221;4.23&#8243; background_size=&#8221;initial&#8221; background_position=&#8221;top_left&#8221; background_repeat=&#8221;repeat&#8221; text_orientation=&#8221;center&#8221; locked=&#8221;off&#8221; global_colors_info=&#8221;{}&#8221;]<\/p>\n<h4>Sechs gute Gr\u00fcnde sich f\u00fcr uns zu entscheiden<\/h4>\n<hr>\n<h4> <\/h4>\n<p>[\/et_pb_text][et_pb_text admin_label=&#8221;Text&#8221; module_class=&#8221;dritteltext&#8221; _builder_version=&#8221;4.23&#8243; background_size=&#8221;initial&#8221; background_position=&#8221;top_left&#8221; background_repeat=&#8221;repeat&#8221; text_orientation=&#8221;center&#8221; locked=&#8221;off&#8221; global_colors_info=&#8221;{}&#8221;]<\/p>\n<h5>rasche Erreichbarkeit<\/h5>\n<h5>fachliche Kompetenz<\/h5>\n<p>[\/et_pb_text][et_pb_text admin_label=&#8221;Text&#8221; module_class=&#8221;dritteltext&#8221; _builder_version=&#8221;4.23&#8243; background_size=&#8221;initial&#8221; background_position=&#8221;top_left&#8221; background_repeat=&#8221;repeat&#8221; text_orientation=&#8221;center&#8221; locked=&#8221;off&#8221; global_colors_info=&#8221;{}&#8221;]<\/p>\n<h5>pers\u00f6nlicher Einsatz<\/h5>\n<h5>absolute Verschwiegenheit<\/h5>\n<p>[\/et_pb_text][et_pb_text admin_label=&#8221;Text&#8221; module_class=&#8221;dritteltext&#8221; _builder_version=&#8221;4.23&#8243; background_size=&#8221;initial&#8221; background_position=&#8221;top_left&#8221; background_repeat=&#8221;repeat&#8221; text_orientation=&#8221;center&#8221; locked=&#8221;off&#8221; global_colors_info=&#8221;{}&#8221;]<\/p>\n<h5>h\u00f6chste Verl\u00e4sslichkeit<\/h5>\n<h5>Handschlag-Qualit\u00e4t<\/h5>\n<p>[\/et_pb_text][\/et_pb_column][\/et_pb_row][et_pb_row use_custom_gutter=&#8221;on&#8221; gutter_width=&#8221;1&#8243; make_equal=&#8221;on&#8221; module_class=&#8221;bigrow&#8221; _builder_version=&#8221;4.23&#8243; background_enable_image=&#8221;off&#8221; custom_margin=&#8221;||||false|false&#8221; custom_padding=&#8221;30px||||false|false&#8221; global_colors_info=&#8221;{%22gcid-d3a5f569-694b-461b-a312-17c38eb636be%22:%91%22background_mask_color%22,%22background_color_gradient_stops%22%93,%22gcid-11f8203d-7943-4306-9653-5807ab6d6dc5%22:%91%22background_color_gradient_stops%22%93}&#8221;][et_pb_column type=&#8221;4_4&#8243; module_class=&#8221;normalcolumn&#8221; _builder_version=&#8221;4.23&#8243; custom_padding=&#8221;|||&#8221; global_colors_info=&#8221;{%22gcid-e4e64497-4186-4092-b3b6-b41b916e77b0%22:%91%22background_color%22,%22background_color%22,%22background_color%22,%22background_color%22,%22background_color%22,%22background_color%22,%22background_color%22,%22background_color%22%93}&#8221; custom_padding__hover=&#8221;|||&#8221;][et_pb_button button_url=&#8221;@ET-DC@eyJkeW5hbWljIjp0cnVlLCJjb250ZW50IjoicG9zdF9saW5rX3VybF9wYWdlIiwic2V0dGluZ3MiOnsicG9zdF9pZCI6Ijg2In19@&#8221; button_text=&#8221;Get in contact&#8221; button_alignment=&#8221;center&#8221; module_class=&#8221;knopf&#8221; _builder_version=&#8221;4.23&#8243; _dynamic_attributes=&#8221;button_url&#8221; _module_preset=&#8221;default&#8221; custom_button=&#8221;on&#8221; button_text_size=&#8221;18px&#8221; button_text_color=&#8221;#222222&#8243; button_bg_color=&#8221;#dbcdb3&#8243; button_border_width=&#8221;0px&#8221; button_border_color=&#8221;#222222&#8243; button_border_radius=&#8221;0px&#8221; button_font=&#8221;nst-bold-2||||||||&#8221; button_icon=&#8221;&#xe610;||divi||400&#8243; custom_margin=&#8221;15px||10px||false|false&#8221; custom_padding=&#8221;||||false|false&#8221; saved_tabs=&#8221;all&#8221; global_colors_info=&#8221;{%22gcid-7b9e6fa6-822e-441f-9828-3f8458f0e21d%22:%91%22button_border_color%22,%22button_text_color%22%93,%22gcid-d7e21e19-33d4-45c3-9df2-7951f1fb1a7d%22:%91%22button_bg_color%22%93}&#8221; custom_css_before__hover_enabled=&#8221;on|desktop&#8221;][\/et_pb_button][\/et_pb_column][\/et_pb_row][\/et_pb_section]<\/p>\n","protected":false},"excerpt":{"rendered":"<p>AristotleBertolt BrechtTheodore RooseveltDesmond TutuUnsere Erfahrung und unser Fachwissen aus mehr als 30j\u00e4hriger Praxis stehen f\u00fcr kompetenten Rechtsbeistand in allen rechtlichen Belangen.Wir erkennen die richtige Stelle und nach genauer Analyse Ihres Anliegens ordnen wir dieses der Gesetzgebung unter Heranziehung der neusten Rechtsprechung zu&#8230;. und haben die passende L\u00f6sung f\u00fcr Ihren Fall. Selbst in schwierigeren Situationen sind [&hellip;]<\/p>\n","protected":false},"author":1,"featured_media":0,"parent":0,"menu_order":0,"comment_status":"closed","ping_status":"closed","template":"","meta":{"_et_pb_use_builder":"on","_et_pb_old_content":"","_et_gb_content_width":"","inline_featured_image":false,"footnotes":""},"class_list":["post-2789","page","type-page","status-publish","hentry"],"yoast_head":"<!-- This site is optimized with the Yoast SEO plugin v27.3 - https:\/\/yoast.com\/product\/yoast-seo-wordpress\/ -->\r\n<title>Start - Kanzlei Kaiblinger Prummer<\/title>\r\n<meta name=\"robots\" content=\"index, follow, max-snippet:-1, max-image-preview:large, max-video-preview:-1\" \/>\r\n<link rel=\"canonical\" href=\"https:\/\/kanzlei-kp.at\/en\/\" \/>\r\n<meta property=\"og:locale\" content=\"en_US\" \/>\r\n<meta property=\"og:type\" content=\"article\" \/>\r\n<meta property=\"og:title\" content=\"Start - Kanzlei Kaiblinger Prummer\" \/>\r\n<meta property=\"og:description\" content=\"AristotleBertolt BrechtTheodore RooseveltDesmond TutuUnsere Erfahrung und unser Fachwissen aus mehr als 30j\u00e4hriger Praxis stehen f\u00fcr kompetenten Rechtsbeistand in allen rechtlichen Belangen.Wir erkennen die richtige Stelle und nach genauer Analyse Ihres Anliegens ordnen wir dieses der Gesetzgebung unter Heranziehung der neusten Rechtsprechung zu.... und haben die passende L\u00f6sung f\u00fcr Ihren Fall. Selbst in schwierigeren Situationen sind [&hellip;]\" \/>\r\n<meta property=\"og:url\" content=\"https:\/\/kanzlei-kp.at\/en\/\" \/>\r\n<meta property=\"og:site_name\" content=\"Kanzlei Kaiblinger Prummer\" \/>\r\n<meta property=\"article:modified_time\" content=\"2026-03-25T18:55:49+00:00\" \/>\r\n<meta property=\"og:image\" content=\"https:\/\/kanzlei-kp.at\/wp-content\/uploads\/2024\/09\/Kanzlei-Kaiblinger-Prummer.png\" \/>\r\n\t<meta property=\"og:image:width\" content=\"2000\" \/>\r\n\t<meta property=\"og:image:height\" content=\"1000\" \/>\r\n\t<meta property=\"og:image:type\" content=\"image\/png\" \/>\r\n<meta name=\"twitter:card\" content=\"summary_large_image\" \/>\r\n<meta name=\"twitter:label1\" content=\"Est. reading time\" \/>\n\t<meta name=\"twitter:data1\" content=\"9 minutes\" \/>\r\n<script type=\"application\/ld+json\" class=\"yoast-schema-graph\">{\"@context\":\"https:\\\/\\\/schema.org\",\"@graph\":[{\"@type\":\"WebPage\",\"@id\":\"https:\\\/\\\/kanzlei-kp.at\\\/en\\\/\",\"url\":\"https:\\\/\\\/kanzlei-kp.at\\\/en\\\/\",\"name\":\"Start - Kanzlei Kaiblinger Prummer\",\"isPartOf\":{\"@id\":\"https:\\\/\\\/kanzlei-kp.at\\\/en\\\/#website\"},\"datePublished\":\"2023-05-25T12:28:04+00:00\",\"dateModified\":\"2026-03-25T18:55:49+00:00\",\"breadcrumb\":{\"@id\":\"https:\\\/\\\/kanzlei-kp.at\\\/en\\\/#breadcrumb\"},\"inLanguage\":\"en-US\",\"potentialAction\":[{\"@type\":\"ReadAction\",\"target\":[\"https:\\\/\\\/kanzlei-kp.at\\\/en\\\/\"]}]},{\"@type\":\"BreadcrumbList\",\"@id\":\"https:\\\/\\\/kanzlei-kp.at\\\/en\\\/#breadcrumb\",\"itemListElement\":[{\"@type\":\"ListItem\",\"position\":1,\"name\":\"Startseite\",\"item\":\"https:\\\/\\\/kanzlei-kp.at\\\/en\\\/\"},{\"@type\":\"ListItem\",\"position\":2,\"name\":\"Start\"}]},{\"@type\":\"WebSite\",\"@id\":\"https:\\\/\\\/kanzlei-kp.at\\\/en\\\/#website\",\"url\":\"https:\\\/\\\/kanzlei-kp.at\\\/en\\\/\",\"name\":\"Kanzlei Kaiblinger Prummer\",\"description\":\"F\u00fcr Ihr gutes Recht\",\"publisher\":{\"@id\":\"https:\\\/\\\/kanzlei-kp.at\\\/en\\\/#organization\"},\"alternateName\":\"Kanzlei KP\",\"potentialAction\":[{\"@type\":\"SearchAction\",\"target\":{\"@type\":\"EntryPoint\",\"urlTemplate\":\"https:\\\/\\\/kanzlei-kp.at\\\/en\\\/?s={search_term_string}\"},\"query-input\":{\"@type\":\"PropertyValueSpecification\",\"valueRequired\":true,\"valueName\":\"search_term_string\"}}],\"inLanguage\":\"en-US\"},{\"@type\":\"Organization\",\"@id\":\"https:\\\/\\\/kanzlei-kp.at\\\/en\\\/#organization\",\"name\":\"Kanzlei Kaiblinger Prummer\",\"url\":\"https:\\\/\\\/kanzlei-kp.at\\\/en\\\/\",\"logo\":{\"@type\":\"ImageObject\",\"inLanguage\":\"en-US\",\"@id\":\"https:\\\/\\\/kanzlei-kp.at\\\/en\\\/#\\\/schema\\\/logo\\\/image\\\/\",\"url\":\"https:\\\/\\\/kanzlei-kp.at\\\/wp-content\\\/uploads\\\/2024\\\/09\\\/Kanzlei-Kaiblinger-Prummer.png\",\"contentUrl\":\"https:\\\/\\\/kanzlei-kp.at\\\/wp-content\\\/uploads\\\/2024\\\/09\\\/Kanzlei-Kaiblinger-Prummer.png\",\"width\":2000,\"height\":1000,\"caption\":\"Kanzlei Kaiblinger Prummer\"},\"image\":{\"@id\":\"https:\\\/\\\/kanzlei-kp.at\\\/en\\\/#\\\/schema\\\/logo\\\/image\\\/\"}}]}<\/script>\r\n<!-- \/ Yoast SEO plugin. -->","yoast_head_json":{"title":"Start - Kanzlei Kaiblinger Prummer","robots":{"index":"index","follow":"follow","max-snippet":"max-snippet:-1","max-image-preview":"max-image-preview:large","max-video-preview":"max-video-preview:-1"},"canonical":"https:\/\/kanzlei-kp.at\/en\/","og_locale":"en_US","og_type":"article","og_title":"Start - Kanzlei Kaiblinger Prummer","og_description":"AristotleBertolt BrechtTheodore RooseveltDesmond TutuUnsere Erfahrung und unser Fachwissen aus mehr als 30j\u00e4hriger Praxis stehen f\u00fcr kompetenten Rechtsbeistand in allen rechtlichen Belangen.Wir erkennen die richtige Stelle und nach genauer Analyse Ihres Anliegens ordnen wir dieses der Gesetzgebung unter Heranziehung der neusten Rechtsprechung zu.... und haben die passende L\u00f6sung f\u00fcr Ihren Fall. Selbst in schwierigeren Situationen sind [&hellip;]","og_url":"https:\/\/kanzlei-kp.at\/en\/","og_site_name":"Kanzlei Kaiblinger Prummer","article_modified_time":"2026-03-25T18:55:49+00:00","og_image":[{"width":2000,"height":1000,"url":"https:\/\/kanzlei-kp.at\/wp-content\/uploads\/2024\/09\/Kanzlei-Kaiblinger-Prummer.png","type":"image\/png"}],"twitter_card":"summary_large_image","twitter_misc":{"Est. reading time":"9 minutes"},"schema":{"@context":"https:\/\/schema.org","@graph":[{"@type":"WebPage","@id":"https:\/\/kanzlei-kp.at\/en\/","url":"https:\/\/kanzlei-kp.at\/en\/","name":"Start - Kanzlei Kaiblinger Prummer","isPartOf":{"@id":"https:\/\/kanzlei-kp.at\/en\/#website"},"datePublished":"2023-05-25T12:28:04+00:00","dateModified":"2026-03-25T18:55:49+00:00","breadcrumb":{"@id":"https:\/\/kanzlei-kp.at\/en\/#breadcrumb"},"inLanguage":"en-US","potentialAction":[{"@type":"ReadAction","target":["https:\/\/kanzlei-kp.at\/en\/"]}]},{"@type":"BreadcrumbList","@id":"https:\/\/kanzlei-kp.at\/en\/#breadcrumb","itemListElement":[{"@type":"ListItem","position":1,"name":"Startseite","item":"https:\/\/kanzlei-kp.at\/en\/"},{"@type":"ListItem","position":2,"name":"Start"}]},{"@type":"WebSite","@id":"https:\/\/kanzlei-kp.at\/en\/#website","url":"https:\/\/kanzlei-kp.at\/en\/","name":"Kanzlei Kaiblinger Prummer","description":"F\u00fcr Ihr gutes Recht","publisher":{"@id":"https:\/\/kanzlei-kp.at\/en\/#organization"},"alternateName":"Kanzlei KP","potentialAction":[{"@type":"SearchAction","target":{"@type":"EntryPoint","urlTemplate":"https:\/\/kanzlei-kp.at\/en\/?s={search_term_string}"},"query-input":{"@type":"PropertyValueSpecification","valueRequired":true,"valueName":"search_term_string"}}],"inLanguage":"en-US"},{"@type":"Organization","@id":"https:\/\/kanzlei-kp.at\/en\/#organization","name":"Kanzlei Kaiblinger Prummer","url":"https:\/\/kanzlei-kp.at\/en\/","logo":{"@type":"ImageObject","inLanguage":"en-US","@id":"https:\/\/kanzlei-kp.at\/en\/#\/schema\/logo\/image\/","url":"https:\/\/kanzlei-kp.at\/wp-content\/uploads\/2024\/09\/Kanzlei-Kaiblinger-Prummer.png","contentUrl":"https:\/\/kanzlei-kp.at\/wp-content\/uploads\/2024\/09\/Kanzlei-Kaiblinger-Prummer.png","width":2000,"height":1000,"caption":"Kanzlei Kaiblinger Prummer"},"image":{"@id":"https:\/\/kanzlei-kp.at\/en\/#\/schema\/logo\/image\/"}}]}},"_links":{"self":[{"href":"https:\/\/kanzlei-kp.at\/en\/wp-json\/wp\/v2\/pages\/2789","targetHints":{"allow":["GET"]}}],"collection":[{"href":"https:\/\/kanzlei-kp.at\/en\/wp-json\/wp\/v2\/pages"}],"about":[{"href":"https:\/\/kanzlei-kp.at\/en\/wp-json\/wp\/v2\/types\/page"}],"author":[{"embeddable":true,"href":"https:\/\/kanzlei-kp.at\/en\/wp-json\/wp\/v2\/users\/1"}],"replies":[{"embeddable":true,"href":"https:\/\/kanzlei-kp.at\/en\/wp-json\/wp\/v2\/comments?post=2789"}],"version-history":[{"count":86,"href":"https:\/\/kanzlei-kp.at\/en\/wp-json\/wp\/v2\/pages\/2789\/revisions"}],"predecessor-version":[{"id":4089,"href":"https:\/\/kanzlei-kp.at\/en\/wp-json\/wp\/v2\/pages\/2789\/revisions\/4089"}],"wp:attachment":[{"href":"https:\/\/kanzlei-kp.at\/en\/wp-json\/wp\/v2\/media?parent=2789"}],"curies":[{"name":"wp","href":"https:\/\/api.w.org\/{rel}","templated":true}]}}